{"id":16,"date":"2021-03-09T09:23:57","date_gmt":"2021-03-09T09:23:57","guid":{"rendered":"https:\/\/www.sens-et-vous.fr\/fleurs-de-bach\/"},"modified":"2023-01-04T12:20:37","modified_gmt":"2023-01-04T12:20:37","slug":"fleurs-de-bach","status":"publish","type":"page","link":"https:\/\/www.sens-et-vous.fr\/accueil\/fleurs-de-bach\/","title":{"rendered":"Fleurs de Bach"},"content":{"rendered":"\t\t<div data-elementor-type=\"wp-page\" data-elementor-id=\"16\" class=\"elementor elementor-16\">\n\t\t\t\t\t\t<section class=\"elementor-section elementor-top-section elementor-element elementor-element-debf15e elementor-section-boxed elementor-section-height-default elementor-section-height-default\" data-id=\"debf15e\" data-element_type=\"section\" data-e-type=\"section\">\n\t\t\t\t\t\t<div class=\"elementor-container elementor-column-gap-default\">\n\t\t\t\t\t<div class=\"elementor-column elementor-col-100 elementor-top-column elementor-element elementor-element-882ee30\" data-id=\"882ee30\" data-element_type=\"column\" data-e-type=\"column\">\n\t\t\t<div class=\"elementor-widget-wrap elementor-element-populated\">\n\t\t\t\t\t\t<div class=\"elementor-element elementor-element-d00a7d7 elementor-widget elementor-widget-image\" data-id=\"d00a7d7\" data-element_type=\"widget\" data-e-type=\"widget\" data-widget_type=\"image.default\">\n\t\t\t\t<div class=\"elementor-widget-container\">\n\t\t\t\t\t\t\t\t\t\t\t\t\t\t\t<img fetchpriority=\"high\" decoding=\"async\" width=\"1024\" height=\"656\" src=\"https:\/\/www.sens-et-vous.fr\/wp-content\/uploads\/2022\/06\/adobestock-109385482-1024x656.jpeg\" class=\"attachment-large size-large wp-image-1436\" alt=\"\" srcset=\"https:\/\/www.sens-et-vous.fr\/wp-content\/uploads\/2022\/06\/adobestock-109385482-1024x656.jpeg 1024w, https:\/\/www.sens-et-vous.fr\/wp-content\/uploads\/2022\/06\/adobestock-109385482-300x192.jpeg 300w, https:\/\/www.sens-et-vous.fr\/wp-content\/uploads\/2022\/06\/adobestock-109385482-150x96.jpeg 150w, https:\/\/www.sens-et-vous.fr\/wp-content\/uploads\/2022\/06\/adobestock-109385482-768x492.jpeg 768w, https:\/\/www.sens-et-vous.fr\/wp-content\/uploads\/2022\/06\/adobestock-109385482-1536x985.jpeg 1536w, https:\/\/www.sens-et-vous.fr\/wp-content\/uploads\/2022\/06\/adobestock-109385482-2048x1313.jpeg 2048w\" sizes=\"(max-width: 1024px) 100vw, 1024px\" \/>\t\t\t\t\t\t\t\t\t\t\t\t\t\t\t<\/div>\n\t\t\t\t<\/div>\n\t\t\t\t<div class=\"elementor-element elementor-element-9f95579 elementor-widget elementor-widget-text-editor\" data-id=\"9f95579\" data-element_type=\"widget\" data-e-type=\"widget\" data-widget_type=\"text-editor.default\">\n\t\t\t\t<div class=\"elementor-widget-container\">\n\t\t\t\t\t\t\t\t\t<div style=\"text-align: center;\"><section data-id=\"c9718a4\" data-element_type=\"section\"><div><div data-id=\"e2d06ab\" data-element_type=\"column\"><div><div data-id=\"b4b9953\" data-element_type=\"widget\" data-widget_type=\"heading.default\"><div><h1><span style=\"color: #993366;\">Retrouvez l\u2019harmonie int\u00e9rieure avec les \u00e9lixirs floraux, pr\u00e8s de Lyon<\/span><\/h1><\/div><\/div><\/div><\/div><\/div><\/section><section style=\"text-align: start;\" data-id=\"8cbf60f\" data-element_type=\"section\"><div><div style=\"width: 1137px;\" data-id=\"8cfd768\" data-element_type=\"column\"><div style=\"width: 1137px;\"><div style=\"width: 1117px;\" data-id=\"c1499b8\" data-element_type=\"widget\" data-widget_type=\"text-editor.default\"><div><p>Lorsqu\u2019on traverse des moments difficiles \u00e9motionnellement, les <b>fleurs de Bach<\/b> sont une aide pr\u00e9cieuse pour retrouver un \u00e9quilibre int\u00e9rieur. Chaque \u00e9tat \u00e9motionnel perturbant peut \u00eatre apais\u00e9 par un \u00e9lixir ou une synergie de fleurs.<\/p><p><span style=\"font-size: 15px;\">Que cela soit dans le secteur de <b>Lyon<\/b>\u00a0ou en visioconf\u00e9rence, je vous aide \u00e0 mieux identifier ce que vous vivez.\u00a0<\/span><span style=\"font-weight: 400; font-size: 15px;\">Mon travail est de vous pr\u00e9coniser la fleur ou le m\u00e9lange personnalis\u00e9 d\u2019\u00e9lixirs floraux qui vous permettra de\u00a0<\/span><span style=\"font-size: 15px;\">retrouver l\u2019<\/span><span style=\"font-weight: 600; font-size: 15px;\">harmonie int\u00e9rieure<\/span><span style=\"font-weight: 400; font-size: 15px;\">.<\/span><\/p><\/div><\/div><\/div><\/div><\/div><\/section><section style=\"font-variant-ligatures: normal; font-variant-caps: normal; font-family: 'Roboto Slab'; font-size: 15px; font-style: normal; font-weight: 400; text-align: start;\" data-id=\"b10370d\" data-element_type=\"section\"><div style=\"font-size: 15px;\"><div style=\"font-size: 15px; width: 1137px;\" data-id=\"b3e28b8\" data-element_type=\"column\"><div style=\"font-size: 15px; width: 1137px;\"><div style=\"font-size: 15px; width: 1117px;\" data-id=\"c73c578\" data-element_type=\"widget\" data-widget_type=\"heading.default\"><div style=\"font-size: 15px;\"><h2><span style=\"color: #003300;\">Quels sont les bienfaits des fleurs de Bach ?<\/span><\/h2><\/div><\/div><\/div><\/div><\/div><\/section><section style=\"font-variant-ligatures: normal; font-variant-caps: normal; font-family: 'Roboto Slab'; font-size: 15px; font-style: normal; font-weight: 400; text-align: start;\" data-id=\"c9e0d1e\" data-element_type=\"section\"><div style=\"font-size: 15px;\"><div style=\"font-size: 15px; width: 1137px;\" data-id=\"aef8db3\" data-element_type=\"column\"><div style=\"font-size: 15px; width: 1137px;\"><div style=\"font-size: 15px; width: 1117px;\" data-id=\"01fd34c\" data-element_type=\"widget\" data-widget_type=\"text-editor.default\"><div style=\"font-size: 15px;\"><p style=\"font-size: 15px;\">Les fleurs de Bach sont des \u00e9veilleurs de conscience, elles vous accompagnent tout au long de votre chemin de vie pour <strong>transformer vos \u00e9motions<\/strong> perturbatrices en sentiment positif.<\/p><p style=\"font-size: 15px;\">Les \u00e9lixirs floraux du docteur Bach peuvent apaiser divers \u00e9tats de <span style=\"font-size: 15px; font-weight: 600;\">stress<\/span>\u00a0psychologique, familial ou professionnel, tels que :<\/p><ul style=\"font-size: 15px;\"><li style=\"font-size: 15px;\"><span style=\"color: #003300;\">les peurs,<\/span><\/li><li style=\"font-size: 15px;\"><span style=\"color: #003300;\">l\u2019angoisse,<\/span><\/li><li style=\"font-size: 15px;\"><span style=\"color: #003300;\">la d\u00e9prime,<\/span><\/li><li style=\"font-size: 15px;\"><span style=\"color: #003300;\">la nervosit\u00e9,<\/span><\/li><li style=\"font-size: 15px;\"><span style=\"color: #003300;\">les contrari\u00e9t\u00e9s,<\/span><\/li><li style=\"font-size: 15px;\"><span style=\"color: #003300;\">l\u2019hypersensibilit\u00e9,<\/span><\/li><li style=\"font-size: 15px;\"><span style=\"color: #003300;\">la d\u00e9motivation,<\/span><\/li><li style=\"font-size: 15px;\"><span style=\"color: #003300;\">le surmenage,<\/span><\/li><li style=\"font-size: 15px;\"><span style=\"color: #003300;\">l\u2019\u00e9tourderie et le doute.<\/span><\/li><\/ul><p style=\"font-size: 15px;\">En prenant un m\u00e9lange de fleurs de Bach personnalis\u00e9, vous pourrez retrouver la\u00a0<span style=\"font-size: 15px; font-weight: 600;\">s\u00e9r\u00e9nit\u00e9<\/span>, un meilleur\u00a0<span style=\"font-size: 15px; font-weight: 600;\">sommeil<\/span>, la confiance en vous, l\u2019apaisement, la\u00a0<span style=\"font-size: 15px; font-weight: 600;\">motivation<\/span>, la clart\u00e9 d\u2019esprit ou le\u00a0<span style=\"font-size: 15px; font-weight: 600;\">l\u00e2cher prise<\/span>.<\/p><\/div><\/div><div style=\"font-size: 15px; width: 1117px;\" data-id=\"f5e9c0c\" data-element_type=\"widget\" data-widget_type=\"heading.default\"><div style=\"font-size: 15px;\"><h2><span style=\"color: #003300;\">R\u00e9\u00e9quilibrage \u00e9motionnel : comment se passe une consultation ?<\/span><\/h2><\/div><\/div><\/div><\/div><\/div><\/section><section style=\"font-variant-ligatures: normal; font-variant-caps: normal; font-family: 'Roboto Slab'; font-size: 15px; font-style: normal; font-weight: 400; text-align: start;\" data-id=\"c92b6fa\" data-element_type=\"section\"><div style=\"font-size: 15px;\"><div style=\"font-size: 15px; width: 1137px;\" data-id=\"a036bdd\" data-element_type=\"column\"><div style=\"font-size: 15px; width: 1137px;\"><div style=\"font-size: 15px; width: 1117px;\" data-id=\"fb620f2\" data-element_type=\"widget\" data-widget_type=\"text-editor.default\"><div style=\"font-size: 15px;\"><p style=\"font-size: 15px;\">Au cours d\u2019une s\u00e9ance \u201cfleurs de Bach\u201d, je mets \u00e0 votre service ma qualit\u00e9 d\u2019<strong>\u00e9coute<\/strong> et mon empathie.<br \/>Je cherche d\u2019abord \u00e0 comprendre qui vous \u00eates, vos valeurs et votre personnalit\u00e9 et quelle est l\u2019origine de vos maux, afin d\u2019\u00e9tablir un <strong>bilan pr\u00e9cis<\/strong> de vos ressentis.<\/p><p style=\"font-size: 15px;\">Tout au long de l\u2019entretien, je veille \u00e0 ce que l\u2019on travaille en \u00e9quipe, au service de l\u2019am\u00e9lioration de votre <strong>bien-\u00eatre \u00e9motionnel<\/strong>. Je conseille, vous validez : il y a un r\u00e9el <strong>\u00e9change<\/strong>.<\/p><p style=\"font-size: 15px;\">L\u2019objectif est de s\u00e9lectionner les \u00e9lixirs de fleurs qui vous correspondent. Celles-ci \u00e9voluent au fil de votre vie, leur prise d\u00e9pend de ce que vous vivez dans l\u2019instant pr\u00e9sent.<\/p><p style=\"font-size: 15px;\"><strong><span style=\"font-size: 15px;\"><em style=\"font-size: 15px;\">Les fleurs de Bach transforment l\u2019\u00e9motion perturbatrice en un \u00e9quilibre \u00e9motionnel harmonieux.<\/em><\/span><\/strong><\/p><\/div><\/div><\/div><\/div><\/div><\/section><section style=\"font-variant-ligatures: normal; font-variant-caps: normal; font-family: 'Roboto Slab'; font-size: 15px; font-style: normal; font-weight: 400; text-align: start;\" data-id=\"2457d6c\" data-element_type=\"section\"><div style=\"font-size: 15px;\"><div style=\"font-size: 15px; width: 1137px;\" data-id=\"95b3892\" data-element_type=\"column\"><div style=\"font-size: 15px; width: 1137px;\"><div style=\"font-size: 15px; width: 1117px;\" data-id=\"cd8414f\" data-element_type=\"widget\" data-widget_type=\"heading.default\"><div style=\"font-size: 15px;\"><h2><span style=\"color: #003300;\">Les bienfaits d\u2019un rem\u00e8de naturel accessible \u00e0 tous<\/span><\/h2><\/div><\/div><\/div><\/div><\/div><\/section><section style=\"font-variant-ligatures: normal; font-variant-caps: normal; font-family: 'Roboto Slab'; font-size: 15px; font-style: normal; font-weight: 400; text-align: start;\" data-id=\"b3244a0\" data-element_type=\"section\"><div style=\"font-size: 15px;\"><div style=\"font-size: 15px; width: 1137px;\" data-id=\"75d4637\" data-element_type=\"column\"><div style=\"font-size: 15px; width: 1137px;\"><div style=\"font-size: 15px; width: 1117px;\" data-id=\"34be0be\" data-element_type=\"widget\" data-widget_type=\"text-editor.default\"><div style=\"font-size: 15px;\"><p style=\"font-size: 15px;\">Adultes, b\u00e9b\u00e9s, enfants, femmes enceintes, personnes \u00e2g\u00e9es et animaux : tout le monde peut utiliser les fleurs de Bach. Il n\u2019y a <strong>aucune contre-indication<\/strong> \u00e0 prendre ces pr\u00e9cieuses gouttes de fleurs.<\/p><p style=\"font-size: 15px;\">Cr\u00e9es par le\u00a0<a style=\"font-size: 15px;\" href=\"https:\/\/fleursdebach.fr\/heritage-docteur-bach\/\" target=\"_blank\" rel=\"noopener\">Docteur Edward Bach<\/a>, les \u00e9lixirs de Bach agissent subtilement et s\u2019adressent \u00e0 toute personne qui en ressent le besoin. En r\u00e9tablissant votre <strong>\u00e9quilibre \u00e9motionnel<\/strong>, ces \u00e9lixirs floraux am\u00e9liorent par ricochet votre sant\u00e9, en \u00e9vitant par exemple la somatisation ou une <a title=\"Perdre ou prendre du poids\" href=\"https:\/\/www.sens-et-vous.fr\/perdre-ou-prendre-du-poids\/\"><span style=\"text-decoration: underline;\">prise de poids.<\/span><\/a><\/p><\/div><\/div><\/div><\/div><\/div><\/section><section style=\"font-variant-ligatures: normal; font-variant-caps: normal; font-family: 'Roboto Slab'; font-size: 15px; font-style: normal; font-weight: 400; text-align: start;\" data-id=\"d0b0578\" data-element_type=\"section\"><div style=\"font-size: 15px;\"><div style=\"font-size: 15px; width: 1137px;\" data-id=\"cb00587\" data-element_type=\"column\"><div style=\"font-size: 15px; width: 1137px;\"><div style=\"font-size: 15px; width: 1117px;\" data-id=\"f7e0edd\" data-element_type=\"widget\" data-widget_type=\"heading.default\"><div style=\"font-size: 15px;\"><h2><span style=\"color: #003300;\">Des \u00e9lixirs floraux bio de grande qualit\u00e9<\/span><\/h2><\/div><\/div><\/div><\/div><\/div><\/section><section style=\"font-variant-ligatures: normal; font-variant-caps: normal; font-family: 'Roboto Slab'; font-size: 15px; font-style: normal; font-weight: 400; text-align: start;\" data-id=\"b86c70b\" data-element_type=\"section\"><div style=\"font-size: 15px;\"><div style=\"font-size: 15px; width: 1137px;\" data-id=\"ff89daa\" data-element_type=\"column\"><div style=\"font-size: 15px; width: 1137px;\"><div style=\"font-size: 15px; width: 1117px;\" data-id=\"f366556\" data-element_type=\"widget\" data-widget_type=\"text-editor.default\"><div style=\"font-size: 15px;\"><p style=\"font-size: 15px;\">Vous connaissez peut-\u00eatre d\u00e9j\u00e0 RESCUE\u00ae, la composition d\u2019\u00e9lixirs de fleurs de Bach la plus utilis\u00e9e pour apaiser un stress ponctuel. Cependant, lorsqu\u2019on vit des <strong>\u00e9motions complexes<\/strong> qui nous emp\u00eachent de vivre normalement, ce compos\u00e9 \u201cgrand public\u201d ne suffit pas toujours.<\/p><p style=\"font-size: 15px;\">Une composition personnalis\u00e9e avec plusieurs fleurs de Bach est bien plus efficace pour vous aider \u00e0 retrouver une harmonie int\u00e9rieure durable, car elle sera r\u00e9ellement adapt\u00e9e \u00e0 vos besoins.<\/p><p style=\"font-size: 15px;\">Je travaille en partenariat avec les produits du\u00a0<a style=\"font-size: 15px;\" href=\"https:\/\/www.deva-lesemotions.com\/cms\/8\/nos-valeurs-et-engagements\">laboratoire fran\u00e7ais DEVA<\/a>\u00a0pour les raisons ci-dessous.<\/p><ul style=\"font-size: 15px;\"><li style=\"font-size: 15px;\">Fabrication \u00e0 la main sans aucun proc\u00e9d\u00e9 m\u00e9canique.<\/li><li style=\"font-size: 15px;\">Respect de la m\u00e9thode originelle du Dr Bach.<\/li><li style=\"font-size: 15px;\">Pr\u00e9parations 100% fran\u00e7aises.<\/li><li style=\"font-size: 15px;\">Certifications BIO.<\/li><\/ul><p style=\"font-size: 15px;\">Avec leurs compos\u00e9s, vous b\u00e9n\u00e9ficiez d\u2019\u00e9lixirs floraux de <strong>qualit\u00e9 optimale<\/strong>, pour une utilisation avec un <strong>maximum d\u2019effets <\/strong>sur votre <strong>stress<\/strong> et vos <strong>\u00e9motions<\/strong>.<\/p><\/div><\/div><div style=\"font-size: 15px; width: 1117px;\" data-id=\"e499e84\" data-element_type=\"widget\" data-widget_type=\"heading.default\"><div style=\"font-size: 15px;\"><h2><span style=\"color: #003300;\">Engagement et responsabilit\u00e9s<\/span><\/h2><\/div><\/div><\/div><\/div><\/div><\/section><section style=\"font-variant-ligatures: normal; font-variant-caps: normal; font-family: 'Roboto Slab'; font-size: 15px; font-style: normal; font-weight: 400; text-align: start;\" data-id=\"2c25c8a\" data-element_type=\"section\"><div style=\"font-size: 15px;\"><div style=\"font-size: 15px; width: 1137px;\" data-id=\"a96a303\" data-element_type=\"column\"><div style=\"font-size: 15px; width: 1137px;\"><div style=\"font-size: 15px; width: 1117px;\" data-id=\"4080458\" data-element_type=\"widget\" data-widget_type=\"text-editor.default\"><div style=\"font-size: 15px;\"><p style=\"font-size: 15px;\">Vous avez un\u00a0<span style=\"font-size: 15px; font-weight: 600;\">emp\u00eachement<\/span>\u00a0? Cela arrive. Pensez \u00e0 me\u00a0<span style=\"font-size: 15px; font-weight: 600;\">pr\u00e9venir<\/span>\u00a0au minimum 48 heures \u00e0 l\u2019avance de votre absence.<\/p><p style=\"font-size: 15px;\">Je m\u2019engage \u00e0 mettre toutes mes\u00a0<span style=\"font-size: 15px; font-weight: 600;\">comp\u00e9tences<\/span>\u00a0et ma\u00a0<span style=\"font-size: 15px; font-weight: 600;\">bienveillance<\/span>\u00a0\u00e0 votre service pour vous aider \u00e0 aller vers une meilleure gestion de vos\u00a0<span style=\"font-size: 15px; font-weight: 600;\">\u00e9motions<\/span>\u00a0et de votre\u00a0<span style=\"font-size: 15px; font-weight: 600;\">stress<\/span>. Tout ce qui est dit dans une s\u00e9ance reste confidentiel.<\/p><p style=\"font-size: 15px;\">Les synergies de fleurs de Bach que je pr\u00e9conise sont des produits issus de fleurs bio et de grande qualit\u00e9.<\/p><p style=\"font-size: 15px;\"><em style=\"font-size: 15px;\">L\u2019entretien \u201cFleurs de Bach\u201d ne se substitue en aucun cas \u00e0 l\u2019avis d\u2019un m\u00e9decin et\/ou \u00e0 un suivi psychologique. Aucun diagnostic n\u2019est \u00e9tabli pour aucune maladie. Aucune modification n\u2019est apport\u00e9e \u00e0 un quelconque traitement m\u00e9dical.<\/em><\/p><\/div><\/div><\/div><\/div><\/div><\/section><section style=\"font-variant-ligatures: normal; font-variant-caps: normal; font-family: 'Roboto Slab'; font-size: 15px; font-style: normal; font-weight: 400; text-align: start;\" data-id=\"4f7edfd\" data-element_type=\"section\"><div style=\"font-size: 15px;\"><div style=\"font-size: 15px; width: 1137px;\" data-id=\"04b3df5\" data-element_type=\"column\"><div style=\"font-size: 15px; width: 1137px;\"><div style=\"font-size: 15px; width: 1117px;\" data-id=\"7491987\" data-element_type=\"widget\" data-widget_type=\"heading.default\"><div style=\"font-size: 15px;\"><h2><span style=\"color: #003300;\">Les consultations \u201cFleurs de Bach\u201d : tarif et modalit\u00e9s<\/span><\/h2><\/div><\/div><\/div><\/div><\/div><\/section><section style=\"text-align: start;\" data-id=\"feae8ab\" data-element_type=\"section\"><div><div style=\"width: 1137px;\" data-id=\"c51e9fd\" data-element_type=\"column\"><div style=\"width: 1137px;\"><div style=\"width: 1117px;\" data-id=\"97dd3b5\" data-element_type=\"widget\" data-widget_type=\"text-editor.default\"><div><p style=\"font-family: 'Roboto Slab'; font-size: 15px; font-style: normal; font-variant-ligatures: normal; font-variant-caps: normal; font-weight: 400;\">Tarif d\u20191 heure d\u2019accompagnement pour r\u00e9\u00e9quilibrer vos \u00e9motions : 50 \u20ac.<\/p><p><span style=\"font-weight: 400;\">La s\u00e9ance \u00ab\u00a0<\/span><b>Fleurs de Bach<\/b><span style=\"font-weight: 400;\">\u00a0\u00bb peut se faire soit \u00e0 distance, soit \u00e0 votre domicile dans un p\u00e9rim\u00e8tre de 30 Km autour de <\/span><b>Lyon<\/b><span style=\"font-weight: 400;\">, soit \u00e0 <\/span><b>St Priest<\/b>.<br \/><span style=\"font-weight: 400; font-size: 15px;\">Pr\u00e9cision : au-del\u00e0 de 5 km, il y a des frais de d\u00e9placement (\u00e9tant donn\u00e9 l\u2019augmentation du prix de l&rsquo;essence), de l\u2019ordre d\u2019une dizaine d\u2019euros.<\/span><\/p><\/div><\/div><\/div><\/div><\/div><\/section><\/div>\t\t\t\t\t\t\t\t<\/div>\n\t\t\t\t<\/div>\n\t\t\t\t<div class=\"elementor-element elementor-element-7408603 elementor-widget elementor-widget-text-editor\" data-id=\"7408603\" data-element_type=\"widget\" data-e-type=\"widget\" data-widget_type=\"text-editor.default\">\n\t\t\t\t<div class=\"elementor-widget-container\">\n\t\t\t\t\t\t\t\t\t<p>Cela peut aussi vous int\u00e9resser :\u00a0<\/p><ul><li><span style=\"text-decoration: underline;\"><a href=\"https:\/\/www.sens-et-vous.fr\/lanaturopathie\/\">Bilan vitalit\u00e9<\/a><\/span> naturopathique.<\/li><li><span style=\"text-decoration: underline;\"><a title=\"Energ\u00e9tique\" href=\"https:\/\/www.sens-et-vous.fr\/energetique\/\">Soin \u00e9nerg\u00e9tique<\/a> <\/span>sonore.<\/li><\/ul>\t\t\t\t\t\t\t\t<\/div>\n\t\t\t\t<\/div>\n\t\t\t\t\t<\/div>\n\t\t<\/div>\n\t\t\t\t\t<\/div>\n\t\t<\/section>\n\t\t\t\t<section class=\"elementor-section elementor-top-section elementor-element elementor-element-2ae9108 elementor-section-boxed elementor-section-height-default elementor-section-height-default\" data-id=\"2ae9108\" data-element_type=\"section\" data-e-type=\"section\">\n\t\t\t\t\t\t<div class=\"elementor-container elementor-column-gap-default\">\n\t\t\t\t\t<div class=\"elementor-column elementor-col-100 elementor-top-column elementor-element elementor-element-f4a5aa3\" data-id=\"f4a5aa3\" data-element_type=\"column\" data-e-type=\"column\">\n\t\t\t<div class=\"elementor-widget-wrap elementor-element-populated\">\n\t\t\t\t\t\t<div class=\"elementor-element elementor-element-25861f1 elementor-align-center elementor-widget elementor-widget-button\" data-id=\"25861f1\" data-element_type=\"widget\" data-e-type=\"widget\" data-widget_type=\"button.default\">\n\t\t\t\t<div class=\"elementor-widget-container\">\n\t\t\t\t\t\t\t\t\t<div class=\"elementor-button-wrapper\">\n\t\t\t\t\t<a class=\"elementor-button elementor-button-link elementor-size-sm\" href=\"\/contact-2\">\n\t\t\t\t\t\t<span class=\"elementor-button-content-wrapper\">\n\t\t\t\t\t\t\t\t\t<span class=\"elementor-button-text\">Contactez moi<\/span>\n\t\t\t\t\t<\/span>\n\t\t\t\t\t<\/a>\n\t\t\t\t<\/div>\n\t\t\t\t\t\t\t\t<\/div>\n\t\t\t\t<\/div>\n\t\t\t\t\t<\/div>\n\t\t<\/div>\n\t\t\t\t\t<\/div>\n\t\t<\/section>\n\t\t\t\t<\/div>\n\t\t","protected":false},"excerpt":{"rendered":"<p>Retrouvez l\u2019harmonie int\u00e9rieure avec les \u00e9lixirs floraux, pr\u00e8s de Lyon Lorsqu\u2019on traverse des moments difficiles \u00e9motionnellement, les fleurs de Bach sont une aide pr\u00e9cieuse pour retrouver un \u00e9quilibre int\u00e9rieur. Chaque \u00e9tat \u00e9motionnel perturbant peut \u00eatre apais\u00e9 par un \u00e9lixir ou une synergie de fleurs. Que cela soit dans le secteur de Lyon\u00a0ou en visioconf\u00e9rence, je [&hellip;]<\/p>\n","protected":false},"author":2,"featured_media":0,"parent":0,"menu_order":6,"comment_status":"closed","ping_status":"closed","template":"","meta":{"ocean_post_layout":"","ocean_both_sidebars_style":"","ocean_both_sidebars_content_width":0,"ocean_both_sidebars_sidebars_width":0,"ocean_sidebar":"","ocean_second_sidebar":"","ocean_disable_margins":"enable","ocean_add_body_class":"","ocean_shortcode_before_top_bar":"","ocean_shortcode_after_top_bar":"","ocean_shortcode_before_header":"","ocean_shortcode_after_header":"","ocean_has_shortcode":"","ocean_shortcode_after_title":"","ocean_shortcode_before_footer_widgets":"","ocean_shortcode_after_footer_widgets":"","ocean_shortcode_before_footer_bottom":"","ocean_shortcode_after_footer_bottom":"","ocean_display_top_bar":"default","ocean_display_header":"default","ocean_header_style":"","ocean_center_header_left_menu":"","ocean_custom_header_template":"","ocean_custom_logo":0,"ocean_custom_retina_logo":0,"ocean_custom_logo_max_width":0,"ocean_custom_logo_tablet_max_width":0,"ocean_custom_logo_mobile_max_width":0,"ocean_custom_logo_max_height":0,"ocean_custom_logo_tablet_max_height":0,"ocean_custom_logo_mobile_max_height":0,"ocean_header_custom_menu":"","ocean_menu_typo_font_family":"","ocean_menu_typo_font_subset":"","ocean_menu_typo_font_size":0,"ocean_menu_typo_font_size_tablet":0,"ocean_menu_typo_font_size_mobile":0,"ocean_menu_typo_font_size_unit":"px","ocean_menu_typo_font_weight":"","ocean_menu_typo_font_weight_tablet":"","ocean_menu_typo_font_weight_mobile":"","ocean_menu_typo_transform":"","ocean_menu_typo_transform_tablet":"","ocean_menu_typo_transform_mobile":"","ocean_menu_typo_line_height":0,"ocean_menu_typo_line_height_tablet":0,"ocean_menu_typo_line_height_mobile":0,"ocean_menu_typo_line_height_unit":"","ocean_menu_typo_spacing":0,"ocean_menu_typo_spacing_tablet":0,"ocean_menu_typo_spacing_mobile":0,"ocean_menu_typo_spacing_unit":"","ocean_menu_link_color":"","ocean_menu_link_color_hover":"","ocean_menu_link_color_active":"","ocean_menu_link_background":"","ocean_menu_link_hover_background":"","ocean_menu_link_active_background":"","ocean_menu_social_links_bg":"","ocean_menu_social_hover_links_bg":"","ocean_menu_social_links_color":"","ocean_menu_social_hover_links_color":"","ocean_disable_title":"default","ocean_disable_heading":"default","ocean_post_title":"","ocean_post_subheading":"","ocean_post_title_style":"","ocean_post_title_background_color":"","ocean_post_title_background":0,"ocean_post_title_bg_image_position":"","ocean_post_title_bg_image_attachment":"","ocean_post_title_bg_image_repeat":"","ocean_post_title_bg_image_size":"","ocean_post_title_height":0,"ocean_post_title_bg_overlay":0.5,"ocean_post_title_bg_overlay_color":"","ocean_disable_breadcrumbs":"default","ocean_breadcrumbs_color":"","ocean_breadcrumbs_separator_color":"","ocean_breadcrumbs_links_color":"","ocean_breadcrumbs_links_hover_color":"","ocean_display_footer_widgets":"default","ocean_display_footer_bottom":"default","ocean_custom_footer_template":"","footnotes":""},"class_list":["post-16","page","type-page","status-publish","hentry","entry"],"aioseo_notices":[],"_links":{"self":[{"href":"https:\/\/www.sens-et-vous.fr\/accueil\/wp-json\/wp\/v2\/pages\/16","targetHints":{"allow":["GET"]}}],"collection":[{"href":"https:\/\/www.sens-et-vous.fr\/accueil\/wp-json\/wp\/v2\/pages"}],"about":[{"href":"https:\/\/www.sens-et-vous.fr\/accueil\/wp-json\/wp\/v2\/types\/page"}],"author":[{"embeddable":true,"href":"https:\/\/www.sens-et-vous.fr\/accueil\/wp-json\/wp\/v2\/users\/2"}],"replies":[{"embeddable":true,"href":"https:\/\/www.sens-et-vous.fr\/accueil\/wp-json\/wp\/v2\/comments?post=16"}],"version-history":[{"count":0,"href":"https:\/\/www.sens-et-vous.fr\/accueil\/wp-json\/wp\/v2\/pages\/16\/revisions"}],"wp:attachment":[{"href":"https:\/\/www.sens-et-vous.fr\/accueil\/wp-json\/wp\/v2\/media?parent=16"}],"curies":[{"name":"wp","href":"https:\/\/api.w.org\/{rel}","templated":true}]}}