{"id":17,"date":"2021-03-09T09:23:57","date_gmt":"2021-03-09T09:23:57","guid":{"rendered":"https:\/\/www.sens-et-vous.fr\/tarifs\/"},"modified":"2026-04-13T07:29:34","modified_gmt":"2026-04-13T07:29:34","slug":"tarifs","status":"publish","type":"page","link":"https:\/\/www.sens-et-vous.fr\/accueil\/tarifs\/","title":{"rendered":"Tarifs"},"content":{"rendered":"\t\t<div data-elementor-type=\"wp-page\" data-elementor-id=\"17\" class=\"elementor elementor-17\">\n\t\t\t\t\t\t<section class=\"elementor-section elementor-top-section elementor-element elementor-element-c003072 elementor-section-boxed elementor-section-height-default elementor-section-height-default\" data-id=\"c003072\" data-element_type=\"section\" data-e-type=\"section\">\n\t\t\t\t\t\t<div class=\"elementor-container elementor-column-gap-default\">\n\t\t\t\t\t<div class=\"elementor-column elementor-col-100 elementor-top-column elementor-element elementor-element-2e240d7\" data-id=\"2e240d7\" data-element_type=\"column\" data-e-type=\"column\">\n\t\t\t<div class=\"elementor-widget-wrap elementor-element-populated\">\n\t\t\t\t\t\t<div class=\"elementor-element elementor-element-68d6910 elementor-widget elementor-widget-text-editor\" data-id=\"68d6910\" data-element_type=\"widget\" data-e-type=\"widget\" data-widget_type=\"text-editor.default\">\n\t\t\t\t<div class=\"elementor-widget-container\">\n\t\t\t\t\t\t\t\t\t<h1><span style=\"color: #008000;\">Prestations\u00a0&amp;\u00a0Tarifs<\/span><\/h1><h1 style=\"font-variant-ligatures: normal; font-variant-caps: normal; font-family: 'Roboto Slab'; font-style: normal; text-align: center;\"><strong><span style=\"color: #339966;\"><span style=\"font-size: 23px;\"><span style=\"font-variant-ligatures: normal; font-variant-caps: normal; font-family: 'Helvetica Neue'; font-size: 13px;\">Parce qu\u2019il me tient \u00e0 c\u0153ur de proposer un accompagnement accessible,\u00a0<\/span><span style=\"font-variant-ligatures: normal; font-variant-caps: normal; font-family: 'Helvetica Neue'; font-size: 13px;\">un tarif pr\u00e9f\u00e9rentiel peut \u00eatre propos\u00e9<\/span><\/span><span style=\"font-variant-ligatures: normal; font-variant-caps: normal; font-family: 'Helvetica Neue'; font-size: 13px;\"><br \/>aux personnes demandeuses\u00a0d\u2019emploi et aux \u00e9tudiants, \u00e0 d\u00e9finir ensemble.<\/span><\/span><\/strong><\/h1><h3 style=\"text-align: center;\">\u00a0<\/h3><h3 style=\"text-align: center;\">S\u00e9ance de Naturopathie de 1h30 :\u00a090\u20ac<\/h3><p style=\"text-align: center;\">(Bilan de vitalit\u00e9 et accompagnement alimentaire et \u00e9motionnelle)<\/p><h3 style=\"text-align: center;\">&#8212;<\/h3><h3 style=\"text-align: center;\">Consultations de Suivi de 1h\u00a0:\u00a080 \u20ac<\/h3><p style=\"text-align: center;\">Ecoute &amp; \u00e9change des modifications r\u00e9alis\u00e9es<br \/><span style=\"font-size: 15px;\">R\u00e9ajustement\u00a0des conseils selon l\u2019\u00e9volution<\/span><\/p><h3 style=\"text-align: center;\">&#8212;<\/h3><h3 style=\"text-align: center;\">Consultation de Naturopathie 30mn\u00a0:\u00a040 \u20ac<\/h3><h3 style=\"text-align: center;\">&#8212;<\/h3><h3 style=\"text-align: center;\">Suivi de naturopathie de 15 mn :\u00a020 \u20ac<\/h3><p style=\"text-align: center;\"><span style=\"color: #333333; font-size: 18px; font-weight: 600;\">\u00a0&#8212;<\/span><\/p><h3 style=\"text-align: center;\">Accompagnement avec des \u00e9lixirs floraux de 1h : 65 \u20ac<\/h3><h3 style=\"text-align: center;\">&#8212;<\/h3><h3 style=\"text-align: center;\">Bains sonores 1h00 : 70 \u20ac<\/h3><h3 style=\"text-align: center;\">\u00a0&#8212;<\/h3><h3 style=\"text-align: center;\">Bougies auriculaires . 40 minutes\u00a0:\u00a040 \u20ac<\/h3><p style=\"text-align: center;\">Hygi\u00e8ne Naturelle des Conduits Auriculaires .<br \/><span style=\"font-size: 15px;\">Bien \u00eatre &amp;\u00a0<\/span><span style=\"font-size: 15px;\">Relaxation en cas de Migraines,\u00a0Maux de T\u00eate, Stress,\u00a0Acouph\u00e8nes,<br \/><\/span><span style=\"font-size: 15px;\">Bourdonnements d&rsquo;Oreilles&#8230; Am\u00e9liore la Circulation Sanguine de l&rsquo;Oreille<br \/><\/span><span style=\"font-size: 15px;\">D\u00e9gagement des Sinus \/\u00a0\u00e9tat grippal, asthme, allergie&#8230;<br \/><\/span><span style=\"font-size: 15px;\">Stimulation\u00a0<\/span><span style=\"font-size: 15px;\">de l&rsquo;\u00e9nergie\u00a0par les zones r\u00e9flexes\u00a0&amp; les points d&rsquo;acupuncture.<br \/><\/span><span style=\"font-size: 15px;\"><strong>Seule contre-Indication :<\/strong>\u00a0Tympans op\u00e9r\u00e9s ou perfor\u00e9s<\/span><\/p><h3 style=\"text-align: center;\">&#8212;<\/h3><p style=\"text-align: center;\"><b>Prestations en Entreprise sur demande<br \/><span style=\"font-size: 15px;\">Bon Cadeau pour Offrir :\u00a0Toutes les prestations au Choix<br \/><\/span><span style=\"font-size: 15px;\">A savoir :\u00a0Certaines Mutuelles remboursent\u00a0<\/span><span style=\"font-size: 15px;\">partiellement\u00a0ou totalement la Naturopathie<\/span><\/b><\/p><p style=\"text-align: center;\"><b><span style=\"font-size: 15px;\">\u00a0<\/span><\/b><\/p><p style=\"text-align: center;\">\u00a0<\/p>\t\t\t\t\t\t\t\t<\/div>\n\t\t\t\t<\/div>\n\t\t\t\t\t<\/div>\n\t\t<\/div>\n\t\t\t\t\t<\/div>\n\t\t<\/section>\n\t\t\t\t<\/div>\n\t\t","protected":false},"excerpt":{"rendered":"<p>Prestations\u00a0&amp;\u00a0Tarifs Parce qu\u2019il me tient \u00e0 c\u0153ur de proposer un accompagnement accessible,\u00a0un tarif pr\u00e9f\u00e9rentiel peut \u00eatre propos\u00e9aux personnes demandeuses\u00a0d\u2019emploi et aux \u00e9tudiants, \u00e0 d\u00e9finir ensemble. \u00a0 S\u00e9ance de Naturopathie de 1h30 :\u00a090\u20ac (Bilan de vitalit\u00e9 et accompagnement alimentaire et \u00e9motionnelle) &#8212; Consultations de Suivi de 1h\u00a0:\u00a080 \u20ac Ecoute &amp; \u00e9change des modifications r\u00e9alis\u00e9esR\u00e9ajustement\u00a0des conseils selon [&hellip;]<\/p>\n","protected":false},"author":1,"featured_media":0,"parent":0,"menu_order":7,"comment_status":"closed","ping_status":"closed","template":"","meta":{"ocean_post_layout":"","ocean_both_sidebars_style":"","ocean_both_sidebars_content_width":0,"ocean_both_sidebars_sidebars_width":0,"ocean_sidebar":"","ocean_second_sidebar":"","ocean_disable_margins":"enable","ocean_add_body_class":"","ocean_shortcode_before_top_bar":"","ocean_shortcode_after_top_bar":"","ocean_shortcode_before_header":"","ocean_shortcode_after_header":"","ocean_has_shortcode":"","ocean_shortcode_after_title":"","ocean_shortcode_before_footer_widgets":"","ocean_shortcode_after_footer_widgets":"","ocean_shortcode_before_footer_bottom":"","ocean_shortcode_after_footer_bottom":"","ocean_display_top_bar":"default","ocean_display_header":"default","ocean_header_style":"","ocean_center_header_left_menu":"","ocean_custom_header_template":"","ocean_custom_logo":0,"ocean_custom_retina_logo":0,"ocean_custom_logo_max_width":0,"ocean_custom_logo_tablet_max_width":0,"ocean_custom_logo_mobile_max_width":0,"ocean_custom_logo_max_height":0,"ocean_custom_logo_tablet_max_height":0,"ocean_custom_logo_mobile_max_height":0,"ocean_header_custom_menu":"","ocean_menu_typo_font_family":"","ocean_menu_typo_font_subset":"","ocean_menu_typo_font_size":0,"ocean_menu_typo_font_size_tablet":0,"ocean_menu_typo_font_size_mobile":0,"ocean_menu_typo_font_size_unit":"px","ocean_menu_typo_font_weight":"","ocean_menu_typo_font_weight_tablet":"","ocean_menu_typo_font_weight_mobile":"","ocean_menu_typo_transform":"","ocean_menu_typo_transform_tablet":"","ocean_menu_typo_transform_mobile":"","ocean_menu_typo_line_height":0,"ocean_menu_typo_line_height_tablet":0,"ocean_menu_typo_line_height_mobile":0,"ocean_menu_typo_line_height_unit":"","ocean_menu_typo_spacing":0,"ocean_menu_typo_spacing_tablet":0,"ocean_menu_typo_spacing_mobile":0,"ocean_menu_typo_spacing_unit":"","ocean_menu_link_color":"","ocean_menu_link_color_hover":"","ocean_menu_link_color_active":"","ocean_menu_link_background":"","ocean_menu_link_hover_background":"","ocean_menu_link_active_background":"","ocean_menu_social_links_bg":"","ocean_menu_social_hover_links_bg":"","ocean_menu_social_links_color":"","ocean_menu_social_hover_links_color":"","ocean_disable_title":"default","ocean_disable_heading":"default","ocean_post_title":"","ocean_post_subheading":"","ocean_post_title_style":"","ocean_post_title_background_color":"","ocean_post_title_background":0,"ocean_post_title_bg_image_position":"","ocean_post_title_bg_image_attachment":"","ocean_post_title_bg_image_repeat":"","ocean_post_title_bg_image_size":"","ocean_post_title_height":0,"ocean_post_title_bg_overlay":0.5,"ocean_post_title_bg_overlay_color":"","ocean_disable_breadcrumbs":"default","ocean_breadcrumbs_color":"","ocean_breadcrumbs_separator_color":"","ocean_breadcrumbs_links_color":"","ocean_breadcrumbs_links_hover_color":"","ocean_display_footer_widgets":"default","ocean_display_footer_bottom":"default","ocean_custom_footer_template":"","footnotes":""},"class_list":["post-17","page","type-page","status-publish","hentry","entry"],"aioseo_notices":[],"_links":{"self":[{"href":"https:\/\/www.sens-et-vous.fr\/accueil\/wp-json\/wp\/v2\/pages\/17","targetHints":{"allow":["GET"]}}],"collection":[{"href":"https:\/\/www.sens-et-vous.fr\/accueil\/wp-json\/wp\/v2\/pages"}],"about":[{"href":"https:\/\/www.sens-et-vous.fr\/accueil\/wp-json\/wp\/v2\/types\/page"}],"author":[{"embeddable":true,"href":"https:\/\/www.sens-et-vous.fr\/accueil\/wp-json\/wp\/v2\/users\/1"}],"replies":[{"embeddable":true,"href":"https:\/\/www.sens-et-vous.fr\/accueil\/wp-json\/wp\/v2\/comments?post=17"}],"version-history":[{"count":0,"href":"https:\/\/www.sens-et-vous.fr\/accueil\/wp-json\/wp\/v2\/pages\/17\/revisions"}],"wp:attachment":[{"href":"https:\/\/www.sens-et-vous.fr\/accueil\/wp-json\/wp\/v2\/media?parent=17"}],"curies":[{"name":"wp","href":"https:\/\/api.w.org\/{rel}","templated":true}]}}